{"id":1052,"date":"2019-02-05T18:48:44","date_gmt":"2019-02-05T18:48:44","guid":{"rendered":"http:\/\/grupopiccolo.com.br\/v3\/?page_id=1052"},"modified":"2021-08-17T14:33:44","modified_gmt":"2021-08-17T14:33:44","slug":"contato","status":"publish","type":"page","link":"https:\/\/grupopiccolo.com.br\/v3\/index.php\/contato\/","title":{"rendered":"Contato"},"content":{"rendered":"<p><section class=\"kc-elm kc-css-62507 kc_row\"><div class=\"kc-row-container  kc-container\"><div class=\"kc-wrap-columns\"><div class=\"kc-elm kc-css-974930 kc_col-sm-12 kc_column kc_col-sm-12\"><div class=\"kc-col-container\"><div class=\"kc-elm kc-css-609266 kc_google_maps kc_shortcode\"><div style=\"height: 550px\" class=\"kc-google-maps\"><iframe loading=\"lazy\" src=\"https:\/\/www.google.com\/maps\/embed?pb=!1m18!1m12!1m3!1d3821.908124319223!2d-49.2670682847636!3d-16.681480388505292!2m3!1f0!2f0!3f0!3m2!1i1024!2i768!4f13.1!3m3!1m2!1s0x935ef15de61c60c5%3A0x8d15d3d002ed39ef!2sR.+4%2C+172+-+St.+Oeste%2C+Goi%C3%A2nia+-+GO%2C+74110-140!5e0!3m2!1spt-BR!2sbr!4v1549394393516\" width=\"100%\" height=\"550\" frameborder=\"0\" style=\"border:0\" allowfullscreen><\/iframe><\/div><\/div><\/div><\/div><\/div><\/div><\/section><section class=\"kc-elm kc-css-830849 kc_row\"><div class=\"kc-row-container  kc-container\"><div class=\"kc-wrap-columns\"><div class=\"kc-elm kc-css-116507 kc_col-sm-12 kc_column kc_col-sm-12\"><div class=\"kc-col-container\"><section class=\" contact-section\">\n\t\t<div class=\"auto-container\">\n\t\t\t<div class=\"row clearfix\">\n\t\t\t\t\n\t\t\t\t<!--Info Column-->\n\t\t\t\t<div class=\"info-column col-lg-6 col-md-12 col-sm-12\">\n\t\t\t\t\t<div class=\"inner-column wow fadeInUp\" data-wow-delay=\"0ms\" data-wow-duration=\"1500ms\">\n\t\t\t\t\t\t<div class=\"content-box\">\n\t\t\t\t\t\t\t<h2>Fundado em 1988, alia tradi\u00e7\u00e3o a modernidade.<\/h2>\n\t\t\t\t\t\t\t<div class=\"title\">Equipe multidisciplinar composta por profissionais da \u00e1rea m\u00e9dica, enfermagem, fisioterapia, massoterapia, psicologia, assist\u00eancia social, nutri\u00e7\u00e3o, fonoaudiologia e terapia ocupacional.<\/div>\n\t\t\t\t\t\t\t\n\t\t\t\t\t\t\t<ul class=\"list-style-three\">\n\t\t\t\t\t\t\t\t\n\t\t\t\t\t\t\t\t\t\t\t\t\t\t\t\t\n\t\t\t\t\t\t\t\t<li><span class=\"icon fa-map-marker\"><\/span>Rua 4 n.172 Setor Oeste <br>\r\nGoi\u00e2nia - GO<\/li>\n\t\t\t\t\t\t\t\t\n\t\t\t\t\t\t\t\t\t\t\t\t\t\t\t\t\n\t\t\t\t\t\t\t\t<li><span class=\"icon fa-phone\"><\/span>(62) 3604-4100<\/li>\n\t\t\t\t\t\t\t\t\n\t\t\t\t\t\t\t\t\t\t\t\t\t\t\t\t\n\t\t\t\t\t\t\t\t<li><span class=\"icon fa-envelope\"><\/span> contato@grupopiccolo.com.br<\/li>\n\t\t\t\t\t\t\t\t\n\t\t\t\t\t\t\t\t\t\t\t\t\t\t\t\t\n\t\t\t\t\t\t\t\t<li><span class=\"icon fa-clock-o\"><\/span>Seg - S\u00e1b: 9am - 6pm<\/li>\n\t\t\t\t\t\t\t\t\n\t\t\t\t\t\t\t\t\t\t\t\t\t\t\t<\/ul>\n\t\t\t\t\t\t\t<!--Social Boxed-->\n\t\t\t\t\t\t\t<ul class=\"social-boxed\">\n\t\t\t\t\t\t\t\t\n\t\t\t\t\t\t\t\t\t\t\t\t\t\t\t\t\n\t\t\t\t\t\t\t\t<li><a href=\"https:\/\/www.facebook.com\/prontosocorroparaqueimaduras\/\"><span class=\"fa fa-facebook\"><\/span><\/a><\/li>\n\t\t\t\t\t\t\t\t\n\t\t\t\t\t\t\t\t\t\t\t\t\t\t\t\t\n\t\t\t\t\t\t\t\t<li><a href=\"https:\/\/www.instagram.com\/prontosocorroparaqueimaduras\/\"><span class=\"fa fab-instagram\"><\/span><\/a><\/li>\n\t\t\t\t\t\t\t\t\n\t\t\t\t\t\t\t\t\t\t\t\t\t\t\t<\/ul>\n\t\t\t\t\t\t<\/div>\n\t\t\t\t\t<\/div>\n\t\t\t\t<\/div>\n\t\t\t\t\n\t\t\t\t<!--Form Column-->\n\t\t\t\t<div class=\"form-column col-lg-6 col-md-12 col-sm-12\">\n\t\t\t\t\t<div class=\"inner-column\">\n\t\t\t\t\t\t<h2>Envie-nos uma mensagem<\/h2>\n\t\t\t\t\t\t<div class=\"title\">Preencha o formul\u00e1rio abaixo com suas d\u00favidas, cr\u00edticas ou sugest\u00f5es. <\/div>\n\t\t\t\t\t\t<!-- Contact Form -->\n                        <div class=\"contact-form \">\n                            <!--Comment Form-->\n                            <div role=\"form\" class=\"wpcf7\" id=\"wpcf7-f5-o1\" lang=\"pt-BR\" dir=\"ltr\">\n<div class=\"screen-reader-response\"><p role=\"status\" aria-live=\"polite\" aria-atomic=\"true\"><\/p> <ul><\/ul><\/div>\n<form action=\"\/v3\/index.php\/wp-json\/wp\/v2\/pages\/1052#wpcf7-f5-o1\" method=\"post\" class=\"wpcf7-form init\" novalidate=\"novalidate\" data-status=\"init\">\n<div style=\"display: none;\">\n<input type=\"hidden\" name=\"_wpcf7\" value=\"5\" \/>\n<input type=\"hidden\" name=\"_wpcf7_version\" value=\"5.4.2\" \/>\n<input type=\"hidden\" name=\"_wpcf7_locale\" value=\"pt_BR\" \/>\n<input type=\"hidden\" name=\"_wpcf7_unit_tag\" value=\"wpcf7-f5-o1\" \/>\n<input type=\"hidden\" name=\"_wpcf7_container_post\" value=\"0\" \/>\n<input type=\"hidden\" name=\"_wpcf7_posted_data_hash\" value=\"\" \/>\n<\/div>\n<p><label> Seu nome (obrigat\u00f3rio)<br \/>\n    <span class=\"wpcf7-form-control-wrap your-name\"><input type=\"text\" name=\"your-name\" value=\"\" size=\"40\" class=\"wpcf7-form-control wpcf7-text wpcf7-validates-as-required\" aria-required=\"true\" aria-invalid=\"false\" \/><\/span> <\/label><\/p>\n<p><label> Seu e-mail (obrigat\u00f3rio)<br \/>\n    <span class=\"wpcf7-form-control-wrap your-email\"><input type=\"email\" name=\"your-email\" value=\"\" size=\"40\" class=\"wpcf7-form-control wpcf7-text wpcf7-email wpcf7-validates-as-required wpcf7-validates-as-email\" aria-required=\"true\" aria-invalid=\"false\" \/><\/span> <\/label><\/p>\n<p><label> Assunto<br \/>\n    <span class=\"wpcf7-form-control-wrap your-subject\"><input type=\"text\" name=\"your-subject\" value=\"\" size=\"40\" class=\"wpcf7-form-control wpcf7-text\" aria-invalid=\"false\" \/><\/span> <\/label><\/p>\n<p><label> Sua mensagem<br \/>\n    <span class=\"wpcf7-form-control-wrap your-message\"><textarea name=\"your-message\" cols=\"40\" rows=\"10\" class=\"wpcf7-form-control wpcf7-textarea\" aria-invalid=\"false\"><\/textarea><\/span> <\/label><\/p>\n<p><input type=\"submit\" value=\"Enviar\" class=\"wpcf7-form-control wpcf7-submit\" \/><\/p>\n<div class=\"wpcf7-response-output\" aria-hidden=\"true\"><\/div><\/form><\/div>    \n                        <\/div>\n                    \t<!--End Comment Form -->\n\t\t\t\t\t<\/div>\n\t\t\t\t<\/div>\n\t\t\t\t\n\t\t\t<\/div>\n\t\t<\/div>\n\t<\/section>\t<\/div><\/div><\/div><\/div><\/section><\/p>\n","protected":false},"excerpt":{"rendered":"","protected":false},"author":1,"featured_media":0,"parent":0,"menu_order":0,"comment_status":"closed","ping_status":"closed","template":"tpl-king-composer.php","meta":{"footnotes":""},"class_list":["post-1052","page","type-page","status-publish","hentry"],"yoast_head":"<!-- This site is optimized with the Yoast SEO plugin v17.0 - https:\/\/yoast.com\/wordpress\/plugins\/seo\/ -->\n<title>Contato - Grupo Piccolo<\/title>\n<meta name=\"robots\" content=\"index, follow, max-snippet:-1, max-image-preview:large, max-video-preview:-1\" \/>\n<link rel=\"canonical\" href=\"https:\/\/grupopiccolo.com.br\/v3\/index.php\/contato\/\" \/>\n<meta property=\"og:locale\" content=\"pt_BR\" \/>\n<meta property=\"og:type\" content=\"article\" \/>\n<meta property=\"og:title\" content=\"Contato - Grupo Piccolo\" \/>\n<meta property=\"og:description\" content=\"Fundado em 1988, alia tradi\u00e7\u00e3o a modernidade. Equipe multidisciplinar composta por profissionais da \u00e1rea m\u00e9dica, enfermagem, fisioterapia, massoterapia, psicologia, assist\u00eancia social, nutri\u00e7\u00e3o, fonoaudiologia e terapia ocupacional. Rua 4 n.172 Setor Oeste Goi\u00e2nia &#8211; GO (62) 3604-4100 contato@grupopiccolo.com.br Seg &#8211; S\u00e1b: 9am &#8211; 6pm Envie-nos uma mensagem Preencha o formul\u00e1rio abaixo com suas d\u00favidas, cr\u00edticas ou\" \/>\n<meta property=\"og:url\" content=\"https:\/\/grupopiccolo.com.br\/v3\/index.php\/contato\/\" \/>\n<meta property=\"og:site_name\" content=\"Grupo Piccolo\" \/>\n<meta property=\"article:modified_time\" content=\"2021-08-17T14:33:44+00:00\" \/>\n<meta name=\"twitter:card\" content=\"summary_large_image\" \/>\n<script type=\"application\/ld+json\" class=\"yoast-schema-graph\">{\"@context\":\"https:\/\/schema.org\",\"@graph\":[{\"@type\":\"Organization\",\"@id\":\"https:\/\/grupopiccolo.com.br\/v3\/#organization\",\"name\":\"Grupo Piccolo\",\"url\":\"https:\/\/grupopiccolo.com.br\/v3\/\",\"sameAs\":[],\"logo\":{\"@type\":\"ImageObject\",\"@id\":\"https:\/\/grupopiccolo.com.br\/v3\/#logo\",\"inLanguage\":\"pt-BR\",\"url\":\"https:\/\/grupopiccolo.com.br\/v3\/wp-content\/uploads\/2019\/01\/logo-grupo-piccolo-1.png\",\"contentUrl\":\"https:\/\/grupopiccolo.com.br\/v3\/wp-content\/uploads\/2019\/01\/logo-grupo-piccolo-1.png\",\"width\":672,\"height\":234,\"caption\":\"Grupo Piccolo\"},\"image\":{\"@id\":\"https:\/\/grupopiccolo.com.br\/v3\/#logo\"}},{\"@type\":\"WebSite\",\"@id\":\"https:\/\/grupopiccolo.com.br\/v3\/#website\",\"url\":\"https:\/\/grupopiccolo.com.br\/v3\/\",\"name\":\"Grupo Piccolo\",\"description\":\"Grupo Piccolo\",\"publisher\":{\"@id\":\"https:\/\/grupopiccolo.com.br\/v3\/#organization\"},\"potentialAction\":[{\"@type\":\"SearchAction\",\"target\":{\"@type\":\"EntryPoint\",\"urlTemplate\":\"https:\/\/grupopiccolo.com.br\/v3\/?s={search_term_string}\"},\"query-input\":\"required name=search_term_string\"}],\"inLanguage\":\"pt-BR\"},{\"@type\":\"WebPage\",\"@id\":\"https:\/\/grupopiccolo.com.br\/v3\/index.php\/contato\/#webpage\",\"url\":\"https:\/\/grupopiccolo.com.br\/v3\/index.php\/contato\/\",\"name\":\"Contato - Grupo Piccolo\",\"isPartOf\":{\"@id\":\"https:\/\/grupopiccolo.com.br\/v3\/#website\"},\"datePublished\":\"2019-02-05T18:48:44+00:00\",\"dateModified\":\"2021-08-17T14:33:44+00:00\",\"breadcrumb\":{\"@id\":\"https:\/\/grupopiccolo.com.br\/v3\/index.php\/contato\/#breadcrumb\"},\"inLanguage\":\"pt-BR\",\"potentialAction\":[{\"@type\":\"ReadAction\",\"target\":[\"https:\/\/grupopiccolo.com.br\/v3\/index.php\/contato\/\"]}]},{\"@type\":\"BreadcrumbList\",\"@id\":\"https:\/\/grupopiccolo.com.br\/v3\/index.php\/contato\/#breadcrumb\",\"itemListElement\":[{\"@type\":\"ListItem\",\"position\":1,\"name\":\"In\\u00edcio\",\"item\":\"https:\/\/grupopiccolo.com.br\/v3\/\"},{\"@type\":\"ListItem\",\"position\":2,\"name\":\"Contato\"}]}]}<\/script>\n<!-- \/ Yoast SEO plugin. -->","yoast_head_json":{"title":"Contato - Grupo Piccolo","robots":{"index":"index","follow":"follow","max-snippet":"max-snippet:-1","max-image-preview":"max-image-preview:large","max-video-preview":"max-video-preview:-1"},"canonical":"https:\/\/grupopiccolo.com.br\/v3\/index.php\/contato\/","og_locale":"pt_BR","og_type":"article","og_title":"Contato - Grupo Piccolo","og_description":"Fundado em 1988, alia tradi\u00e7\u00e3o a modernidade. Equipe multidisciplinar composta por profissionais da \u00e1rea m\u00e9dica, enfermagem, fisioterapia, massoterapia, psicologia, assist\u00eancia social, nutri\u00e7\u00e3o, fonoaudiologia e terapia ocupacional. Rua 4 n.172 Setor Oeste Goi\u00e2nia &#8211; GO (62) 3604-4100 contato@grupopiccolo.com.br Seg &#8211; S\u00e1b: 9am &#8211; 6pm Envie-nos uma mensagem Preencha o formul\u00e1rio abaixo com suas d\u00favidas, cr\u00edticas ou","og_url":"https:\/\/grupopiccolo.com.br\/v3\/index.php\/contato\/","og_site_name":"Grupo Piccolo","article_modified_time":"2021-08-17T14:33:44+00:00","twitter_card":"summary_large_image","schema":{"@context":"https:\/\/schema.org","@graph":[{"@type":"Organization","@id":"https:\/\/grupopiccolo.com.br\/v3\/#organization","name":"Grupo Piccolo","url":"https:\/\/grupopiccolo.com.br\/v3\/","sameAs":[],"logo":{"@type":"ImageObject","@id":"https:\/\/grupopiccolo.com.br\/v3\/#logo","inLanguage":"pt-BR","url":"https:\/\/grupopiccolo.com.br\/v3\/wp-content\/uploads\/2019\/01\/logo-grupo-piccolo-1.png","contentUrl":"https:\/\/grupopiccolo.com.br\/v3\/wp-content\/uploads\/2019\/01\/logo-grupo-piccolo-1.png","width":672,"height":234,"caption":"Grupo Piccolo"},"image":{"@id":"https:\/\/grupopiccolo.com.br\/v3\/#logo"}},{"@type":"WebSite","@id":"https:\/\/grupopiccolo.com.br\/v3\/#website","url":"https:\/\/grupopiccolo.com.br\/v3\/","name":"Grupo Piccolo","description":"Grupo Piccolo","publisher":{"@id":"https:\/\/grupopiccolo.com.br\/v3\/#organization"},"potentialAction":[{"@type":"SearchAction","target":{"@type":"EntryPoint","urlTemplate":"https:\/\/grupopiccolo.com.br\/v3\/?s={search_term_string}"},"query-input":"required name=search_term_string"}],"inLanguage":"pt-BR"},{"@type":"WebPage","@id":"https:\/\/grupopiccolo.com.br\/v3\/index.php\/contato\/#webpage","url":"https:\/\/grupopiccolo.com.br\/v3\/index.php\/contato\/","name":"Contato - Grupo Piccolo","isPartOf":{"@id":"https:\/\/grupopiccolo.com.br\/v3\/#website"},"datePublished":"2019-02-05T18:48:44+00:00","dateModified":"2021-08-17T14:33:44+00:00","breadcrumb":{"@id":"https:\/\/grupopiccolo.com.br\/v3\/index.php\/contato\/#breadcrumb"},"inLanguage":"pt-BR","potentialAction":[{"@type":"ReadAction","target":["https:\/\/grupopiccolo.com.br\/v3\/index.php\/contato\/"]}]},{"@type":"BreadcrumbList","@id":"https:\/\/grupopiccolo.com.br\/v3\/index.php\/contato\/#breadcrumb","itemListElement":[{"@type":"ListItem","position":1,"name":"In\u00edcio","item":"https:\/\/grupopiccolo.com.br\/v3\/"},{"@type":"ListItem","position":2,"name":"Contato"}]}]}},"amp_enabled":false,"_links":{"self":[{"href":"https:\/\/grupopiccolo.com.br\/v3\/index.php\/wp-json\/wp\/v2\/pages\/1052","targetHints":{"allow":["GET"]}}],"collection":[{"href":"https:\/\/grupopiccolo.com.br\/v3\/index.php\/wp-json\/wp\/v2\/pages"}],"about":[{"href":"https:\/\/grupopiccolo.com.br\/v3\/index.php\/wp-json\/wp\/v2\/types\/page"}],"author":[{"embeddable":true,"href":"https:\/\/grupopiccolo.com.br\/v3\/index.php\/wp-json\/wp\/v2\/users\/1"}],"replies":[{"embeddable":true,"href":"https:\/\/grupopiccolo.com.br\/v3\/index.php\/wp-json\/wp\/v2\/comments?post=1052"}],"version-history":[{"count":11,"href":"https:\/\/grupopiccolo.com.br\/v3\/index.php\/wp-json\/wp\/v2\/pages\/1052\/revisions"}],"predecessor-version":[{"id":1393,"href":"https:\/\/grupopiccolo.com.br\/v3\/index.php\/wp-json\/wp\/v2\/pages\/1052\/revisions\/1393"}],"wp:attachment":[{"href":"https:\/\/grupopiccolo.com.br\/v3\/index.php\/wp-json\/wp\/v2\/media?parent=1052"}],"curies":[{"name":"wp","href":"https:\/\/api.w.org\/{rel}","templated":true}]}}